{"id":234,"date":"2016-05-06T07:05:34","date_gmt":"2016-05-06T07:05:34","guid":{"rendered":"http:\/\/www.segeljahre.de\/?page_id=234"},"modified":"2019-05-08T09:33:20","modified_gmt":"2019-05-08T07:33:20","slug":"linkliste","status":"publish","type":"page","link":"https:\/\/www.segeljahre.de\/?page_id=234","title":{"rendered":"Linkliste"},"content":{"rendered":"<section  class='av_textblock_section av-b3zf1e-1a848645db51aee1def4b7790af5fb3d '   itemscope=\"itemscope\" itemtype=\"https:\/\/schema.org\/CreativeWork\" ><div class='avia_textblock'  itemprop=\"text\" ><p><H1>Blogs<\/h1>\n<\/div><\/section>\n<div class='avia-data-table-wrap av-azz0qi-6811b3cf354a612eb136d3a25abedefd avia_responsive_table avia-table-1'><table  class='avia-table avia-data-table avia_pricing_default  avia-builder-el-1  el_after_av_textblock  el_before_av_textblock '  itemscope=\"itemscope\" itemtype=\"https:\/\/schema.org\/Table\" ><caption>Links von Freunden die ich untergwes getroffen habe<\/caption><tbody><tr class='avia-heading-row'><th class=''>Link<\/th><th class=''>Beschreibung<\/th><\/tr><tr class=''><td class=''><a href=\"https:\/\/sy-courage12.blogspot.de\/\" target=\"SW\" rel=\"noopener noreferrer\">https:\/\/sy-courage12.blogspot.de\/<\/a><\/td><td class=''>Sailing with COURAGE<br \/>\nEin schwedisch \/ spanisches P\u00e4rchen. das ich in Cascais kennengelernt habe<\/td><\/tr><tr class=''><td class=''><a href=\"https:\/\/sailinginlimbo.blogspot.de\/\" target=\"SW\" rel=\"noopener noreferrer\">https:\/\/sailinginlimbo.blogspot.de\/<\/a><\/td><td class=''>SAILING IN LIMBO<br \/>\nEin britisches P\u00e4rchen, auch in sie habe ich in Cascais getroffen, Ihre Atlantiktour ist aber schon vorbei.<\/td><\/tr><tr class=''><td class=''><a href=\"https:\/\/magneticdeviation.wordpress.com\/\" target=\"SW\" rel=\"noopener noreferrer\">https:\/\/magneticdeviation.wordpress.com\/<\/a><\/td><td class=''>Magneticdeviation<br \/>\nEin spanisches \/ britisches P\u00e4rchen. Sie haben eine Weile in der Karibik gearbeitet. Jetzt segeln sie bald wieder. <\/td><\/tr><tr class=''><td class=''><a href=\"https:\/\/svmeriva.blogspot.de\/\" target=\"SW\" rel=\"noopener noreferrer\">https:\/\/svmeriva.blogspot.de\/<\/a><\/td><td class=''>SV Meriva<br \/>\nDie beiden habe ich zum ersten Mal mitten auf der Biskaya getroffen als sie mir Ihre Tauchausr\u00fcstung anboten um meinen Propeller wieder frei zu bekommen.<\/td><\/tr><tr class=''><td class=''><a href=\"http:\/\/www.i-s-a.com\/\" target=\"SW\" rel=\"noopener noreferrer\">http:\/\/www.i-s-a.com\/<\/a><\/td><td class=''>Wir haben uns in Boulogne sur Mer um drei Uhr morgens kennengelernt, das war ein wirklich sch\u00f6ner Tagesabschluss. <\/td><\/tr><tr class=''><td class=''><a href=\"https:\/\/www.sy-tadea.de\/\" target=\"SW\" rel=\"noopener noreferrer\">https:\/\/www.sy-tadea.de\/<\/a><\/td><td class=''>Monika und Klaus, auch auf einer Reinke unterwegs, allerdings aus Stahl. Stahl hat aber auch was, ist irgendwie stabiler.<\/td><\/tr><tr class=''><td class=''><a href=\"https:\/\/welt-ahoi.de\" target=\"SW\" rel=\"noopener noreferrer\">https:\/\/welt-ahoi.de<\/a><\/td><td class=''>Ich habe Antje und Ingo Paulus auf der BoatFit in Bremen kennengelernt und fahre noch heute Ihre Solarpaneele spazieren. Mal sehen, ich denke sie werden bald wieder auf dem Wasser sein.<\/td><\/tr><tr class=''><td class=''><a href=\"http:\/\/www.petersmith.net.nz\/\" target=\"SW\" rel=\"noopener noreferrer\">http:\/\/www.petersmith.net.nz\/<\/a><\/td><td class=''>Peter habe ich mit seiner Freundin im Tagus Center kennengelernt, so viele Meilen wie er gesegelt ist, so viele Tips habe ich auch bekommen.<\/td><\/tr><\/tbody><\/table><\/div><style type='text\/css'>.avia-table-1 td:nth-of-type(1):before { content: 'Link'; } .avia-table-1 td:nth-of-type(2):before { content: 'Beschreibung'; } <\/style>\n<section  class='av_textblock_section av-6cwcyi-d33e22f447073c714eda7e2243fc4479 '   itemscope=\"itemscope\" itemtype=\"https:\/\/schema.org\/CreativeWork\" ><div class='avia_textblock'  itemprop=\"text\" ><h1>Linkliste<\/h1>\n<\/div><\/section>\n<div class='avia-data-table-wrap av-663162-155bb3921fbf5f87b134fd6d31c26275 avia_responsive_table avia-table-2'><table  class='avia-table avia-data-table avia_pricing_default  avia-builder-el-3  el_after_av_textblock  avia-builder-el-last '  itemscope=\"itemscope\" itemtype=\"https:\/\/schema.org\/Table\" ><caption>Links<\/caption><tbody><tr class='avia-heading-row'><th class=''>Link<\/th><th class=''>Beschreibung<\/th><\/tr><tr class=''><td class=''><a href=\"https:\/\/passageweather.com\/\" target=\"SW\" rel=\"noopener noreferrer\">https:\/\/passageweather.com\/<\/a><\/td><td class=''>Wetterdaten aufbereitet nach Seegebieten<\/td><\/tr><tr class=''><td class=''><a href=\"https:\/\/www.zygrib.org\/\" target=\"SW\" rel=\"noopener noreferrer\">https:\/\/www.zygrib.org\/<\/a><\/td><td class=''>Software zum downloaden und anzeigen von GRIB Daten<\/td><\/tr><tr class=''><td class=''><a href=\"https:\/\/www.wxtide32.com\/\" target=\"SW\" rel=\"noopener noreferrer\">https:\/\/www.wxtide32.com\/<\/a><\/td><td class=''>Software zum Anzeigen von Tideninformationen<\/td><\/tr><tr class=''><td class=''><a href=\"https:\/\/opencpn.org\" target=\"SW\" rel=\"noopener noreferrer\">https:\/\/opencpn.org<\/a><\/td><td class=''>Chartplotter Software mit vielen Plugins<\/td><\/tr><tr class=''><td class=''><a href=\"https:\/\/www.meidericherschiffswerft.de\" target=\"SW\"  rel=\"noopener noreferrer\">https:\/\/www.meidericherschiffswerft.de<\/a><\/td><td class=''>Full Service Yacht Werft. Hier kann auf die reichhaltige Erfahrung der Schiffsbauer zur\u00fcckgegriffen werden. Es ist aber durchaus m\u00f6glich das man alle arbeiten selber macht.<\/td><\/tr><tr class=''><td class=''><a href=\"https:\/\/www.pentagal.de\" target=\"SW\"  rel=\"noopener noreferrer\">https:\/\/www.pentagal.de<\/a><\/td><td class=''>Eine Firma die Hei\u00dfverzinnungsanlagen und Zubeh\u00f6r baut.<br \/>\nHier habe ich meinen Gittermast aus Edelstahl komplett schwei\u00dfen lassen.<\/td><\/tr><tr class=''><td class=''><a href=\"https:\/\/www.tauchcenter-nullzeit.de\" target=\"SW\"  rel=\"noopener noreferrer\">https:\/\/www.tauchcenter-nullzeit.de<\/a><\/td><td class=''>Sehr netter und kompetenter Tauchservice St\u00fctzpunkt. Ich kann mich nur herzlich f\u00fcr die kompetente Beratung und hilfreiche Unterst\u00fctzung bedanken.<\/td><\/tr><tr class=''><td class=''><a href=\"https:\/\/www.noonsite.com\/\" target=\"SW\"  rel=\"noopener noreferrer\">https:\/\/www.noonsite.com\/<\/a><\/td><td class=''>F\u00fcr den Fahrtensegler die Seite um valide Informationen von einem Seegebiet \/ Land zu erhalten<\/td><\/tr><tr class=''><td class=''><a href=\"https:\/\/www.cruiserswiki.org\" target=\"SW\"  rel=\"noopener noreferrer\">https:\/\/www.cruiserswiki.org<\/a><\/td><td class=''>\u00c4hnlich wie noonsite, Ich schaue immer in beiden nach. Hier kann man auch selber Inhalte einpflegen. Editoren sind sehr wilkommen.<\/td><\/tr><tr class=''><td class=''><a href=\"https:\/\/www.metoffice.gov.uk\/public\/weather\/surface-pressure\/#?tab=surfacePressureColour&#038;fcTime=1459594800\" target=\"SW\"  rel=\"noopener noreferrer\">https:\/\/www.metoffice.gov.uk\/public\/weather\/surface-pressure<\/a><\/td><td class=''>Met-Office aus England, f\u00fcr mich die besten wenn es um Fronten und Tr\u00f6ge geht<\/td><\/tr><tr class=''><td class=''><a href=\"https:\/\/www.trans-ocean.org\/\" target=\"SW\"  rel=\"noopener noreferrer\">https:\/\/www.trans-ocean.org\/<\/a><\/td><td class=''>Die Fahrtenseglergemeinschaft. Ich denke es macht schon Sinn sich hier zusammenzufinden<\/td><\/tr><\/tbody><\/table><\/div><style type='text\/css'>.avia-table-2 td:nth-of-type(1):before { content: 'Link'; } .avia-table-2 td:nth-of-type(2):before { content: 'Beschreibung'; } <\/style>\n<div  class='av-buildercomment av-bl22i-1eaea10cd941ee1647f4409efff72df6'><\/div>\n","protected":false},"excerpt":{"rendered":"","protected":false},"author":4,"featured_media":0,"parent":626,"menu_order":0,"comment_status":"closed","ping_status":"closed","template":"","meta":{"footnotes":""},"class_list":["post-234","page","type-page","status-publish","hentry"],"aioseo_notices":[],"_links":{"self":[{"href":"https:\/\/www.segeljahre.de\/index.php?rest_route=\/wp\/v2\/pages\/234","targetHints":{"allow":["GET"]}}],"collection":[{"href":"https:\/\/www.segeljahre.de\/index.php?rest_route=\/wp\/v2\/pages"}],"about":[{"href":"https:\/\/www.segeljahre.de\/index.php?rest_route=\/wp\/v2\/types\/page"}],"author":[{"embeddable":true,"href":"https:\/\/www.segeljahre.de\/index.php?rest_route=\/wp\/v2\/users\/4"}],"replies":[{"embeddable":true,"href":"https:\/\/www.segeljahre.de\/index.php?rest_route=%2Fwp%2Fv2%2Fcomments&post=234"}],"version-history":[{"count":13,"href":"https:\/\/www.segeljahre.de\/index.php?rest_route=\/wp\/v2\/pages\/234\/revisions"}],"predecessor-version":[{"id":3019,"href":"https:\/\/www.segeljahre.de\/index.php?rest_route=\/wp\/v2\/pages\/234\/revisions\/3019"}],"up":[{"embeddable":true,"href":"https:\/\/www.segeljahre.de\/index.php?rest_route=\/wp\/v2\/pages\/626"}],"wp:attachment":[{"href":"https:\/\/www.segeljahre.de\/index.php?rest_route=%2Fwp%2Fv2%2Fmedia&parent=234"}],"curies":[{"name":"wp","href":"https:\/\/api.w.org\/{rel}","templated":true}]}}