{"id":24,"date":"2016-03-25T13:53:41","date_gmt":"2016-03-25T13:53:41","guid":{"rendered":"http:\/\/www.segeljahre.de\/?page_id=24"},"modified":"2026-04-13T19:27:29","modified_gmt":"2026-04-13T17:27:29","slug":"impressum","status":"publish","type":"page","link":"https:\/\/www.segeljahre.de\/?page_id=24","title":{"rendered":"Impressum"},"content":{"rendered":"<section  class='av_textblock_section av-4flrw-5c327178f9a7376d224aaa61ebc544ca '   itemscope=\"itemscope\" itemtype=\"https:\/\/schema.org\/CreativeWork\" ><div class='avia_textblock'  itemprop=\"text\" ><h1>Impressum<\/h1>\n<p>Ralf-Armin Zaeske<br \/>\n. Raz .<\/p>\n<p>Rua Doutor Lino Pinto 24<br \/>\n3090-833 Barra-Alqueid\u00e3o, Fig. da Foz, Coimbra<br \/>\nPortugal<br \/>\ninfo@layout-graphik.de<br \/>\nWeb: www.segeljahre.de<\/p>\n<\/div><\/section>\n\n<style type=\"text\/css\" data-created_by=\"avia_inline_auto\" id=\"style-css-av-1qcuk-d2854d969069cb3bd9b4a481751e6c23\">\n#top .hr.hr-invisible.av-1qcuk-d2854d969069cb3bd9b4a481751e6c23{\nheight:50px;\n}\n<\/style>\n<div  class='hr av-1qcuk-d2854d969069cb3bd9b4a481751e6c23 hr-invisible  avia-builder-el-1  el_after_av_textblock  el_before_av_textblock '><span class='hr-inner '><span class=\"hr-inner-style\"><\/span><\/span><\/div>\n<section  class='av_textblock_section av-sjes-1b916a89090161d94f5bf78da6d636fb '   itemscope=\"itemscope\" itemtype=\"https:\/\/schema.org\/CreativeWork\" ><div class='avia_textblock'  itemprop=\"text\" ><h1>Datenschutzerkl\u00e4rung<\/h1>\n<h3>1. Verantwortlicher<\/h3>\n<p>Verantwortlich f\u00fcr diese Website ist:<\/p>\n<p>Ralf-Armin Zaeske<br \/>\nRua Doutor Lino Pinto 24<br \/>\n3090-833 Barra-Alqueid\u00e3o<br \/>\nFigueira da Foz, Coimbra<br \/>\nPortugal<br \/>\nE-Mail: info@layout-graphik.de<\/p>\n<h3>2. Allgemeine Hinweise<\/h3>\n<p>Der Schutz Ihrer personenbezogenen Daten ist mir wichtig. Personenbezogene Daten werden auf dieser Website nur verarbeitet, soweit dies f\u00fcr den Betrieb der Website, zur Bearbeitung von Anfragen oder nach Ihrer Einwilligung erforderlich ist.<\/p>\n<h3>3. Hosting und Server-Logfiles<\/h3>\n<p>Beim Aufruf dieser Website werden durch den Webserver automatisch technische Informationen erfasst. Dazu geh\u00f6ren insbesondere:<br \/>\n&#8211; aufgerufene Seite bzw. Datei<br \/>\n&#8211; Datum und Uhrzeit des Zugriffs<br \/>\n&#8211; \u00fcbertragene Datenmenge<br \/>\n&#8211; Meldung \u00fcber den erfolgreichen Abruf<br \/>\n&#8211; Browsertyp und Browserversion<br \/>\n&#8211; Betriebssystem<br \/>\n&#8211; Referrer-URL<br \/>\n&#8211; IP-Adresse<br \/>\n&#8211; anfragender Provider<\/p>\n<p>Diese Daten werden verarbeitet, um den technischen Betrieb, die Sicherheit und die Stabilit\u00e4t der Website sicherzustellen sowie zur Fehleranalyse. Eine Zusammenf\u00fchrung dieser Daten mit anderen Datenquellen erfolgt nicht.<\/p>\n<h3>4. Kontaktaufnahme<\/h3>\n<p>Wenn Sie mich per E-Mail oder \u00fcber das Kontaktformular kontaktieren, werden die von Ihnen \u00fcbermittelten Angaben zur Bearbeitung Ihrer Anfrage und f\u00fcr m\u00f6gliche Anschlussfragen verarbeitet.<\/p>\n<h3>5. Externe Inhalte \/ Google Maps<\/h3>\n<p>Auf einzelnen Seiten dieser Website k\u00f6nnen externe Inhalte von Google Maps eingebunden werden. Diese Inhalte werden nicht automatisch geladen, sondern erst nach Ihrer ausdr\u00fccklichen Einwilligung.<\/p>\n<p>Erst nach Ihrer Zustimmung kann es zur \u00dcbermittlung personenbezogener Daten, insbesondere Ihrer IP-Adresse und technischer Verbindungsdaten, an Google kommen. Im Zusammenhang mit Google Maps k\u00f6nnen zus\u00e4tzlich weitere technische Ressourcen von Google nachgeladen werden, beispielsweise Schriftdateien (Google Fonts) sowie weitere Karten- und API-Ressourcen.<\/p>\n<h3>6. Cookies<\/h3>\n<p>Diese Website verwendet technisch notwendige Cookies. Externe Inhalte wie Google Maps werden nur nach Ihrer Zustimmung geladen. Ihre Einstellungen k\u00f6nnen Sie jederzeit \u00fcber die Cookie- bzw. Datenschutzeinstellungen der Website anpassen.<\/p>\n<h3>7. Rechtsgrundlagen<\/h3>\n<p>Die Verarbeitung von Server-Logfiles erfolgt zur Wahrung berechtigter Interessen am sicheren und stabilen Betrieb der Website.<br \/>\nDie Verarbeitung von Daten im Zusammenhang mit Kontaktanfragen erfolgt zur Bearbeitung Ihrer Anfrage.<br \/>\nDie Einbindung von Google Maps und damit verbundener externer Inhalte erfolgt nur nach Ihrer Einwilligung.<\/p>\n<h3>8. Speicherdauer<\/h3>\n<p>Personenbezogene Daten werden nur so lange gespeichert, wie dies f\u00fcr die jeweiligen Zwecke erforderlich ist oder gesetzliche Aufbewahrungspflichten bestehen.<\/p>\n<h3>9. Ihre Rechte<\/h3>\n<p>Sie haben das Recht auf Auskunft \u00fcber die zu Ihrer Person gespeicherten Daten sowie auf Berichtigung, L\u00f6schung, Einschr\u00e4nkung der Verarbeitung und, soweit anwendbar, auf Daten\u00fcbertragbarkeit. Erteilte Einwilligungen k\u00f6nnen Sie jederzeit mit Wirkung f\u00fcr die Zukunft widerrufen.<\/p>\n<p>Sie haben au\u00dferdem das Recht, sich bei einer Datenschutz-Aufsichtsbeh\u00f6rde zu beschweren. Zust\u00e4ndig ist insbesondere die portugiesische Datenschutzbeh\u00f6rde CNPD (Comiss\u00e3o Nacional de Prote\u00e7\u00e3o de Dados).<\/p>\n<h3>10. \u00c4nderungen dieser Datenschutzerkl\u00e4rung<\/h3>\n<p>Ich behalte mir vor, diese Datenschutzerkl\u00e4rung anzupassen, wenn sich die Website, eingesetzte Dienste oder die rechtlichen Anforderungen \u00e4ndern.<\/p>\n<p>Stand: April 2026<\/p>\n<\/div><\/section>\n","protected":false},"excerpt":{"rendered":"","protected":false},"author":4,"featured_media":0,"parent":0,"menu_order":0,"comment_status":"closed","ping_status":"closed","template":"","meta":{"footnotes":""},"class_list":["post-24","page","type-page","status-publish","hentry"],"aioseo_notices":[],"_links":{"self":[{"href":"https:\/\/www.segeljahre.de\/index.php?rest_route=\/wp\/v2\/pages\/24","targetHints":{"allow":["GET"]}}],"collection":[{"href":"https:\/\/www.segeljahre.de\/index.php?rest_route=\/wp\/v2\/pages"}],"about":[{"href":"https:\/\/www.segeljahre.de\/index.php?rest_route=\/wp\/v2\/types\/page"}],"author":[{"embeddable":true,"href":"https:\/\/www.segeljahre.de\/index.php?rest_route=\/wp\/v2\/users\/4"}],"replies":[{"embeddable":true,"href":"https:\/\/www.segeljahre.de\/index.php?rest_route=%2Fwp%2Fv2%2Fcomments&post=24"}],"version-history":[{"count":15,"href":"https:\/\/www.segeljahre.de\/index.php?rest_route=\/wp\/v2\/pages\/24\/revisions"}],"predecessor-version":[{"id":3509,"href":"https:\/\/www.segeljahre.de\/index.php?rest_route=\/wp\/v2\/pages\/24\/revisions\/3509"}],"wp:attachment":[{"href":"https:\/\/www.segeljahre.de\/index.php?rest_route=%2Fwp%2Fv2%2Fmedia&parent=24"}],"curies":[{"name":"wp","href":"https:\/\/api.w.org\/{rel}","templated":true}]}}