{"id":626,"date":"2016-10-19T16:24:26","date_gmt":"2016-10-19T16:24:26","guid":{"rendered":"http:\/\/www.segeljahre.de\/?page_id=626"},"modified":"2025-01-23T11:59:39","modified_gmt":"2025-01-23T10:59:39","slug":"dies-und-das","status":"publish","type":"page","link":"https:\/\/www.segeljahre.de\/?page_id=626","title":{"rendered":"Dies und Das"},"content":{"rendered":"\n<style type=\"text\/css\" data-created_by=\"avia_inline_auto\" id=\"style-css-av-y813u-9a0a0a147eb5af7b566675404bc5019d\">\n#top .av-special-heading.av-y813u-9a0a0a147eb5af7b566675404bc5019d{\npadding-bottom:10px;\n}\nbody .av-special-heading.av-y813u-9a0a0a147eb5af7b566675404bc5019d .av-special-heading-tag .heading-char{\nfont-size:25px;\n}\n.av-special-heading.av-y813u-9a0a0a147eb5af7b566675404bc5019d .av-subheading{\nfont-size:15px;\n}\n<\/style>\n<div  class='av-special-heading av-y813u-9a0a0a147eb5af7b566675404bc5019d av-special-heading-h3  avia-builder-el-0  el_before_av_iconlist  avia-builder-el-first '><h3 class='av-special-heading-tag '  itemprop=\"headline\"  >\u00dcbersichtsseite zu Themen die sich erst einmal  nicht einordnen liessen<\/h3><div class=\"special-heading-border\"><div class=\"special-heading-inner-border\"><\/div><\/div><\/div>\n<div  class='avia-icon-list-container av-t51wy-e83d1926add27f83c02c200137f3a091  avia-builder-el-1  el_after_av_heading  avia-builder-el-last '><ul class='avia-icon-list avia_animate_when_almost_visible avia-icon-list-left av-iconlist-big av-t51wy-e83d1926add27f83c02c200137f3a091 avia-iconlist-animate'>\n<li><a href='https:\/\/www.segeljahre.de\/?page_id=609' title='Gittermast'  class='iconlist_icon av-m904q-8ae676308fc2e4a92c32804a10a554fb avia-font-entypo-fontello avia-iconfont avia-font-entypo-fontello'><span class='av-icon-char' data-av_icon='\ue81f' data-av_iconfont='entypo-fontello' aria-hidden=\"true\"><\/span><\/a><article class=\"article-icon-entry \"  itemscope=\"itemscope\" itemtype=\"https:\/\/schema.org\/CreativeWork\" ><div class=\"iconlist_content_wrap\"><header class=\"entry-content-header\" aria-label=\"Icon: &lt;a href=&#039;https:\/\/www.segeljahre.de\/?page_id=609&#039; title=&#039;Gittermast&#039;&gt;Gittermast&lt;\/a&gt;\"><h4 class='av_iconlist_title iconlist_title  '  itemprop=\"headline\" ><a href='https:\/\/www.segeljahre.de\/?page_id=609' title='Gittermast'>Gittermast<\/a><\/h4><\/header><div class='iconlist_content '  itemprop=\"text\" ><p>Ein kurzer Abriss \u00fcber meine Erfahrungen mit Gittermasten<\/p>\n<\/div><\/div><footer class=\"entry-footer\"><\/footer><\/article><div class=\"iconlist-timeline\"><\/div><\/li>\n<li><a href='https:\/\/www.segeljahre.de\/?page_id=725' title='Hafenbeschreibungen'  class='iconlist_icon av-dh14q-429f759d24b4fede3d8c392a3f3eea33 avia-font-entypo-fontello avia-iconfont avia-font-entypo-fontello'><span class='av-icon-char' data-av_icon='\ue81f' data-av_iconfont='entypo-fontello' aria-hidden=\"true\"><\/span><\/a><article class=\"article-icon-entry \"  itemscope=\"itemscope\" itemtype=\"https:\/\/schema.org\/CreativeWork\" ><div class=\"iconlist_content_wrap\"><header class=\"entry-content-header\" aria-label=\"Icon: &lt;a href=&#039;https:\/\/www.segeljahre.de\/?page_id=725&#039; title=&#039;Hafenbeschreibungen&#039;&gt;Hafenbeschreibungen&lt;\/a&gt;\"><h4 class='av_iconlist_title iconlist_title  '  itemprop=\"headline\" ><a href='https:\/\/www.segeljahre.de\/?page_id=725' title='Hafenbeschreibungen'>Hafenbeschreibungen<\/a><\/h4><\/header><div class='iconlist_content '  itemprop=\"text\" ><p>Sammlung von subjektiven Eindr\u00fccken von H\u00e4fen und St\u00e4dten<\/p>\n<\/div><\/div><footer class=\"entry-footer\"><\/footer><\/article><div class=\"iconlist-timeline\"><\/div><\/li>\n<li><a href='https:\/\/www.segeljahre.de\/?page_id=234' title='Linkliste'  class='iconlist_icon av-85y9u-e7704536319f56683ccc34d89416ef1a avia-font-entypo-fontello avia-iconfont avia-font-entypo-fontello'><span class='av-icon-char' data-av_icon='\ue81f' data-av_iconfont='entypo-fontello' aria-hidden=\"true\"><\/span><\/a><article class=\"article-icon-entry \"  itemscope=\"itemscope\" itemtype=\"https:\/\/schema.org\/CreativeWork\" ><div class=\"iconlist_content_wrap\"><header class=\"entry-content-header\" aria-label=\"Icon: &lt;a href=&#039;https:\/\/www.segeljahre.de\/?page_id=234&#039; title=&#039;Linkliste&#039;&gt;Linkliste&lt;\/a&gt;\"><h4 class='av_iconlist_title iconlist_title  '  itemprop=\"headline\" ><a href='https:\/\/www.segeljahre.de\/?page_id=234' title='Linkliste'>Linkliste<\/a><\/h4><\/header><div class='iconlist_content '  itemprop=\"text\" ><p>Sammlung von Blogs von Freunden die ich unterwegs getroffen habe. Weiterhin sind hier einige interessante Links von Ausr\u00fcstern, Zulieferern und Freeware Software<\/p>\n<\/div><\/div><footer class=\"entry-footer\"><\/footer><\/article><div class=\"iconlist-timeline\"><\/div><\/li>\n<\/ul><\/div>\n","protected":false},"excerpt":{"rendered":"","protected":false},"author":4,"featured_media":0,"parent":0,"menu_order":0,"comment_status":"closed","ping_status":"closed","template":"","meta":{"footnotes":""},"class_list":["post-626","page","type-page","status-publish","hentry"],"aioseo_notices":[],"_links":{"self":[{"href":"https:\/\/www.segeljahre.de\/index.php?rest_route=\/wp\/v2\/pages\/626","targetHints":{"allow":["GET"]}}],"collection":[{"href":"https:\/\/www.segeljahre.de\/index.php?rest_route=\/wp\/v2\/pages"}],"about":[{"href":"https:\/\/www.segeljahre.de\/index.php?rest_route=\/wp\/v2\/types\/page"}],"author":[{"embeddable":true,"href":"https:\/\/www.segeljahre.de\/index.php?rest_route=\/wp\/v2\/users\/4"}],"replies":[{"embeddable":true,"href":"https:\/\/www.segeljahre.de\/index.php?rest_route=%2Fwp%2Fv2%2Fcomments&post=626"}],"version-history":[{"count":10,"href":"https:\/\/www.segeljahre.de\/index.php?rest_route=\/wp\/v2\/pages\/626\/revisions"}],"predecessor-version":[{"id":3162,"href":"https:\/\/www.segeljahre.de\/index.php?rest_route=\/wp\/v2\/pages\/626\/revisions\/3162"}],"wp:attachment":[{"href":"https:\/\/www.segeljahre.de\/index.php?rest_route=%2Fwp%2Fv2%2Fmedia&parent=626"}],"curies":[{"name":"wp","href":"https:\/\/api.w.org\/{rel}","templated":true}]}}